{"id":206,"date":"2024-10-04T14:46:55","date_gmt":"2024-10-04T12:46:55","guid":{"rendered":"https:\/\/burlington.isabellatech.co\/?page_id=206"},"modified":"2025-04-19T22:46:35","modified_gmt":"2025-04-19T20:46:35","slug":"locations","status":"publish","type":"page","link":"https:\/\/burlington-global.com\/es\/locations\/","title":{"rendered":"Locations"},"content":{"rendered":"<section style=\"background-image: linear-gradient(0deg, rgba(8, 14, 55, 0.85) 0%, rgba(8, 14, 55, 0.85) 100%), url('https:\/\/burlington-global.com\/wp-content\/uploads\/2024\/10\/bg-header.png');\" class=\"relative pt-14 pb-16 min-h-80 header bg-no-repeat bg-cover bg-center content-center\">\r\n    <h1 class=\"text-white text-center uppercase\">Gu\u00edas de \u00e1rea<\/h1>\r\n<\/section>\n\n\r\n<section class=\"my-32\" id=\"location-results\">\r\n    <div class=\"w-content max-w-6xl mx-auto\">\r\n        <div>\r\n            <h2 class=\"uppercase mb-5\">Dentro de Marbella<\/h2>\r\n            <div class=\"format text-light-muted mb-8\">\r\n                Explore el encanto diverso de los barrios m\u00e1s buscados de Marbella. Desde \u00e1reas costeras ba\u00f1adas por el sol hasta retiros exclusivos en las laderas de las colinas, nuestras gu\u00edas de \u00e1reas seleccionadas ofrecen informaci\u00f3n para encontrar su residencia ideal en la Costa del Sol.            <\/div>\r\n        <\/div>\r\n        <div class=\"grid sm:grid-cols-2 md:grid-cols-3 gap-8 mt-8\">\r\n            <article class=\"space-y-3.5\">\r\n  <a href=\"https:\/\/burlington-global.com\/es\/locations\/sotogrande\/\">\r\n    <img decoding=\"async\" class=\"object-cover object-center bg-cover w-full aspect-video sm:aspect-[4\/5] md:aspect-[3\/4]\" src=\"https:\/\/burlington-global.com\/wp-content\/uploads\/2025\/04\/johanna-montoya-fDVyI_JFQWw-unsplash-scaled.jpg\" alt=\"(English) Sotogrande\">\r\n  <\/a>\r\n  <h3 class=\"text-lg normal-case text-pretty\"><a href=\"https:\/\/burlington-global.com\/es\/locations\/sotogrande\/\">(English) Sotogrande<\/a><\/h3>\r\n  <p class=\"text-light-muted line-clamp-4 text-pretty\">Disculpa, pero esta entrada est\u00e1 disponible s\u00f3lo en English.<\/p>\r\n  <a href=\"https:\/\/burlington-global.com\/es\/locations\/sotogrande\/\" class=\"flex items-center gap-4 w-fit font-serif\" target=\"_self\">\r\n  Leer m\u00e1s  <svg width=\"100\" height=\"5\" viewBox=\"0 0 102 5\" fill=\"none\" xmlns=\"http:\/\/www.w3.org\/2000\/svg\">\r\n    <path d=\"M0 4.5H100L96.5 1\" stroke=\"currentColor\" stroke-miterlimit=\"12.7455\" \/>\r\n  <\/svg>\r\n<\/a><\/article>            <article class=\"space-y-3.5\">\r\n  <a href=\"https:\/\/burlington-global.com\/es\/locations\/ibiza\/\">\r\n    <img decoding=\"async\" class=\"object-cover object-center bg-cover w-full aspect-video sm:aspect-[4\/5] md:aspect-[3\/4]\" src=\"https:\/\/burlington-global.com\/wp-content\/uploads\/2025\/04\/coast-3949782_1920.jpg\" alt=\"(English) Ibiza\">\r\n  <\/a>\r\n  <h3 class=\"text-lg normal-case text-pretty\"><a href=\"https:\/\/burlington-global.com\/es\/locations\/ibiza\/\">(English) Ibiza<\/a><\/h3>\r\n  <p class=\"text-light-muted line-clamp-4 text-pretty\">Disculpa, pero esta entrada est\u00e1 disponible s\u00f3lo en English.<\/p>\r\n  <a href=\"https:\/\/burlington-global.com\/es\/locations\/ibiza\/\" class=\"flex items-center gap-4 w-fit font-serif\" target=\"_self\">\r\n  Leer m\u00e1s  <svg width=\"100\" height=\"5\" viewBox=\"0 0 102 5\" fill=\"none\" xmlns=\"http:\/\/www.w3.org\/2000\/svg\">\r\n    <path d=\"M0 4.5H100L96.5 1\" stroke=\"currentColor\" stroke-miterlimit=\"12.7455\" \/>\r\n  <\/svg>\r\n<\/a><\/article>            <article class=\"space-y-3.5\">\r\n  <a href=\"https:\/\/burlington-global.com\/es\/locations\/benahavis\/\">\r\n    <img decoding=\"async\" class=\"object-cover object-center bg-cover w-full aspect-video sm:aspect-[4\/5] md:aspect-[3\/4]\" src=\"https:\/\/burlington-global.com\/wp-content\/uploads\/2024\/10\/IMG_0096.jpeg\" alt=\"Benahavis\">\r\n  <\/a>\r\n  <h3 class=\"text-lg normal-case text-pretty\"><a href=\"https:\/\/burlington-global.com\/es\/locations\/benahavis\/\">Benahavis<\/a><\/h3>\r\n  <p class=\"text-light-muted line-clamp-4 text-pretty\">Ubicada en las pintorescas colinas a s\u00f3lo 7 km tierra adentro de la Costa del Sol, Benahavis es una encantadora ciudad espa\u00f1ola que se ha convertido en un destino privilegiado para los golfistas y aquellos que buscan un estilo de vida tranquilo y lleno de naturaleza. Como parte del codiciado \u00abTri\u00e1ngulo de Oro\u00bb que incluye [&hellip;]<\/p>\r\n  <a href=\"https:\/\/burlington-global.com\/es\/locations\/benahavis\/\" class=\"flex items-center gap-4 w-fit font-serif\" target=\"_self\">\r\n  Leer m\u00e1s  <svg width=\"100\" height=\"5\" viewBox=\"0 0 102 5\" fill=\"none\" xmlns=\"http:\/\/www.w3.org\/2000\/svg\">\r\n    <path d=\"M0 4.5H100L96.5 1\" stroke=\"currentColor\" stroke-miterlimit=\"12.7455\" \/>\r\n  <\/svg>\r\n<\/a><\/article>            <article class=\"space-y-3.5\">\r\n  <a href=\"https:\/\/burlington-global.com\/es\/locations\/nueva-andalucia\/\">\r\n    <img decoding=\"async\" class=\"object-cover object-center bg-cover w-full aspect-video sm:aspect-[4\/5] md:aspect-[3\/4]\" src=\"https:\/\/burlington-global.com\/wp-content\/uploads\/2024\/10\/IMG_0098-scaled.jpeg\" alt=\"Nueva Andaluc\u00eda\">\r\n  <\/a>\r\n  <h3 class=\"text-lg normal-case text-pretty\"><a href=\"https:\/\/burlington-global.com\/es\/locations\/nueva-andalucia\/\">Nueva Andaluc\u00eda<\/a><\/h3>\r\n  <p class=\"text-light-muted line-clamp-4 text-pretty\">Nueva Andaluc\u00eda tiene un estilo totalmente propio. T\u00e9cnicamente un suburbio de Marbella, tiene su propio glamour, pero es discreto y ofrece paz y tranquilidad lejos del animado ambiente del vecino Puerto Ban\u00fas. Esta zona es una de las m\u00e1s solicitadas de la regi\u00f3n de Marbella y combina belleza natural, vida elegante y un ambiente familiar. [&hellip;]<\/p>\r\n  <a href=\"https:\/\/burlington-global.com\/es\/locations\/nueva-andalucia\/\" class=\"flex items-center gap-4 w-fit font-serif\" target=\"_self\">\r\n  Leer m\u00e1s  <svg width=\"100\" height=\"5\" viewBox=\"0 0 102 5\" fill=\"none\" xmlns=\"http:\/\/www.w3.org\/2000\/svg\">\r\n    <path d=\"M0 4.5H100L96.5 1\" stroke=\"currentColor\" stroke-miterlimit=\"12.7455\" \/>\r\n  <\/svg>\r\n<\/a><\/article>            <article class=\"space-y-3.5\">\r\n  <a href=\"https:\/\/burlington-global.com\/es\/locations\/marbella-east\/\">\r\n    <img decoding=\"async\" class=\"object-cover object-center bg-cover w-full aspect-video sm:aspect-[4\/5] md:aspect-[3\/4]\" src=\"https:\/\/burlington-global.com\/wp-content\/uploads\/2024\/10\/IMG_0099.jpeg\" alt=\"Marbella East\">\r\n  <\/a>\r\n  <h3 class=\"text-lg normal-case text-pretty\"><a href=\"https:\/\/burlington-global.com\/es\/locations\/marbella-east\/\">Marbella East<\/a><\/h3>\r\n  <p class=\"text-light-muted line-clamp-4 text-pretty\">La Marbella Golden Mile es, sin duda, uno de los enclaves m\u00e1s prestigiosos y deseados de toda la Costa del Sol. Este tramo ic\u00f3nico de aproximadamente cinco kil\u00f3metros conecta el lujoso Puerto Ban\u00fas con el centro hist\u00f3rico de Marbella, extendi\u00e9ndose a lo largo de una avenida bordeada por palmeras, elegantes villas, y algunos de los [&hellip;]<\/p>\r\n  <a href=\"https:\/\/burlington-global.com\/es\/locations\/marbella-east\/\" class=\"flex items-center gap-4 w-fit font-serif\" target=\"_self\">\r\n  Leer m\u00e1s  <svg width=\"100\" height=\"5\" viewBox=\"0 0 102 5\" fill=\"none\" xmlns=\"http:\/\/www.w3.org\/2000\/svg\">\r\n    <path d=\"M0 4.5H100L96.5 1\" stroke=\"currentColor\" stroke-miterlimit=\"12.7455\" \/>\r\n  <\/svg>\r\n<\/a><\/article>            <article class=\"space-y-3.5\">\r\n  <a href=\"https:\/\/burlington-global.com\/es\/locations\/sierra-blanca\/\">\r\n    <img decoding=\"async\" class=\"object-cover object-center bg-cover w-full aspect-video sm:aspect-[4\/5] md:aspect-[3\/4]\" src=\"https:\/\/burlington-global.com\/wp-content\/uploads\/2024\/10\/Copy-of-BBQ-_-Bar-Area-Rooftop-Area-scaled.jpg\" alt=\"Sierra Blanca\">\r\n  <\/a>\r\n  <h3 class=\"text-lg normal-case text-pretty\"><a href=\"https:\/\/burlington-global.com\/es\/locations\/sierra-blanca\/\">Sierra Blanca<\/a><\/h3>\r\n  <p class=\"text-light-muted line-clamp-4 text-pretty\">Sierra Blanca se erige como la prestigiosa extensi\u00f3n de la Milla de Oro de Marbella, situada aproximadamente a 300 metros sobre el nivel del mar en las estribaciones de las monta\u00f1as de Sierra Blanca. Esta exclusiva zona residencial cerrada se extiende por unas impresionantes 25,2 hect\u00e1reas (62,27 acres) y alberga cerca de 300 exquisitas casas [&hellip;]<\/p>\r\n  <a href=\"https:\/\/burlington-global.com\/es\/locations\/sierra-blanca\/\" class=\"flex items-center gap-4 w-fit font-serif\" target=\"_self\">\r\n  Leer m\u00e1s  <svg width=\"100\" height=\"5\" viewBox=\"0 0 102 5\" fill=\"none\" xmlns=\"http:\/\/www.w3.org\/2000\/svg\">\r\n    <path d=\"M0 4.5H100L96.5 1\" stroke=\"currentColor\" stroke-miterlimit=\"12.7455\" \/>\r\n  <\/svg>\r\n<\/a><\/article>            <article class=\"space-y-3.5\">\r\n  <a href=\"https:\/\/burlington-global.com\/es\/locations\/puerto-banus\/\">\r\n    <img decoding=\"async\" class=\"object-cover object-center bg-cover w-full aspect-video sm:aspect-[4\/5] md:aspect-[3\/4]\" src=\"https:\/\/burlington-global.com\/wp-content\/uploads\/2024\/10\/tom-wheatley-QiJ-jdv-6t0-unsplash-2.jpg\" alt=\"Puerto banus\">\r\n  <\/a>\r\n  <h3 class=\"text-lg normal-case text-pretty\"><a href=\"https:\/\/burlington-global.com\/es\/locations\/puerto-banus\/\">Puerto banus<\/a><\/h3>\r\n  <p class=\"text-light-muted line-clamp-4 text-pretty\">Puerto Ban\u00fas se erige como uno de los complejos mar\u00edtimos m\u00e1s prestigiosos de la Costa del Sol, situado a 6,5 \u200b\u200bkil\u00f3metros al oeste de Marbella ciudad y conectado por la famosa Milla de Oro. Construido en mayo de 1970 por Jos\u00e9 Ban\u00fas y dise\u00f1ado por el arquitecto suizo Noldi Schreck con el asistente mexicano Marcos [&hellip;]<\/p>\r\n  <a href=\"https:\/\/burlington-global.com\/es\/locations\/puerto-banus\/\" class=\"flex items-center gap-4 w-fit font-serif\" target=\"_self\">\r\n  Leer m\u00e1s  <svg width=\"100\" height=\"5\" viewBox=\"0 0 102 5\" fill=\"none\" xmlns=\"http:\/\/www.w3.org\/2000\/svg\">\r\n    <path d=\"M0 4.5H100L96.5 1\" stroke=\"currentColor\" stroke-miterlimit=\"12.7455\" \/>\r\n  <\/svg>\r\n<\/a><\/article>            <article class=\"space-y-3.5\">\r\n  <a href=\"https:\/\/burlington-global.com\/es\/locations\/marbella-golden-mile\/\">\r\n    <img decoding=\"async\" class=\"object-cover object-center bg-cover w-full aspect-video sm:aspect-[4\/5] md:aspect-[3\/4]\" src=\"https:\/\/burlington-global.com\/wp-content\/uploads\/2024\/10\/pexels-tattoodonor-tattoodonor-1160289080-26646558-scaled.jpg\" alt=\"Marbella Golden Mile\">\r\n  <\/a>\r\n  <h3 class=\"text-lg normal-case text-pretty\"><a href=\"https:\/\/burlington-global.com\/es\/locations\/marbella-golden-mile\/\">Marbella Golden Mile<\/a><\/h3>\r\n  <p class=\"text-light-muted line-clamp-4 text-pretty\">La Milla de Oro es un tramo legendario a lo largo de la Costa del Sol de Marbella, venerado por su prestigio, exclusividad y atractivo atemporal. Situada junto a \u00e1reas de lujo de renombre mundial como Prime Central London, el Triangle d&#8217;Or en Par\u00eds o 90210 de Beverly Hills, la Milla de Oro ofrece un [&hellip;]<\/p>\r\n  <a href=\"https:\/\/burlington-global.com\/es\/locations\/marbella-golden-mile\/\" class=\"flex items-center gap-4 w-fit font-serif\" target=\"_self\">\r\n  Leer m\u00e1s  <svg width=\"100\" height=\"5\" viewBox=\"0 0 102 5\" fill=\"none\" xmlns=\"http:\/\/www.w3.org\/2000\/svg\">\r\n    <path d=\"M0 4.5H100L96.5 1\" stroke=\"currentColor\" stroke-miterlimit=\"12.7455\" \/>\r\n  <\/svg>\r\n<\/a><\/article>                    <\/div>\r\n    <\/div>\r\n<\/section>\n\n    <section class=\"my-32 text-blue\">\r\n        <div class=\"max-w-6xl mx-auto w-content grid  lg:grid-cols-2 gap-16\">\r\n                            <div class=\"order-1 md:order-first\">\r\n                    <img decoding=\"async\" class=\"block w-full bg-cover aspect-video lg:aspect-auto lg:object-contain\" src=\"https:\/\/burlington-global.com\/wp-content\/uploads\/2024\/10\/image-7.png\" alt=\"\">\r\n                <\/div>\r\n                                        <div class=\"order-2 md:order-last \">\r\n                                            <h2 class=\"mb-5\">La Costa del Sol<\/h2>\r\n                                            <div class=\"format text-light-muted\">\r\n                            <p>La Costa del Sol representa un mercado inmobiliario espa\u00f1ol de primer nivel que se extiende a lo largo de la costa sur de Andaluc\u00eda y ofrece diversas inversiones inmobiliarias, desde lujosas villas en Marbella hasta apartamentos m\u00e1s asequibles. La regi\u00f3n atrae a compradores internacionales por su clima mediterr\u00e1neo durante todo el a\u00f1o, su s\u00f3lido sector tur\u00edstico y valores estables de las propiedades que oscilan entre 2.000 y 10.000 euros por metro cuadrado. Particularmente atractiva para los inversores brit\u00e1nicos, alemanes y escandinavos, la zona ofrece un fuerte potencial de alquiler, una infraestructura bien desarrollada y una combinaci\u00f3n de oportunidades de casas de vacaciones y de retiro, equilibradas por desaf\u00edos como un posible exceso de oferta en el mercado y procesos legales complejos para compradores extranjeros.<\/p>\n                        <\/div>\r\n                                                        <\/div>\r\n                    <\/div>\r\n    <\/section>","protected":false},"excerpt":{"rendered":"","protected":false},"author":7,"featured_media":0,"parent":0,"menu_order":0,"comment_status":"closed","ping_status":"closed","template":"","meta":{"_acf_changed":false,"_joinchat":[],"footnotes":""},"class_list":["post-206","page","type-page","status-publish","hentry"],"acf":[],"_links":{"self":[{"href":"https:\/\/burlington-global.com\/es\/wp-json\/wp\/v2\/pages\/206","targetHints":{"allow":["GET"]}}],"collection":[{"href":"https:\/\/burlington-global.com\/es\/wp-json\/wp\/v2\/pages"}],"about":[{"href":"https:\/\/burlington-global.com\/es\/wp-json\/wp\/v2\/types\/page"}],"author":[{"embeddable":true,"href":"https:\/\/burlington-global.com\/es\/wp-json\/wp\/v2\/users\/7"}],"replies":[{"embeddable":true,"href":"https:\/\/burlington-global.com\/es\/wp-json\/wp\/v2\/comments?post=206"}],"version-history":[{"count":9,"href":"https:\/\/burlington-global.com\/es\/wp-json\/wp\/v2\/pages\/206\/revisions"}],"predecessor-version":[{"id":9656,"href":"https:\/\/burlington-global.com\/es\/wp-json\/wp\/v2\/pages\/206\/revisions\/9656"}],"wp:attachment":[{"href":"https:\/\/burlington-global.com\/es\/wp-json\/wp\/v2\/media?parent=206"}],"curies":[{"name":"wp","href":"https:\/\/api.w.org\/{rel}","templated":true}]}}