{"id":202,"date":"2024-10-04T14:23:46","date_gmt":"2024-10-04T12:23:46","guid":{"rendered":"https:\/\/burlington.isabellatech.co\/?page_id=202"},"modified":"2024-11-07T20:55:01","modified_gmt":"2024-11-07T19:55:01","slug":"careers","status":"publish","type":"page","link":"https:\/\/burlington-global.com\/es\/careers\/","title":{"rendered":"Careers"},"content":{"rendered":"<section style=\"background-image: linear-gradient(0deg, rgba(8, 14, 55, 0.85) 0%, rgba(8, 14, 55, 0.85) 100%), url('https:\/\/burlington-global.com\/wp-content\/uploads\/2024\/10\/image-14.png');\" class=\"relative pt-14 pb-16 min-h-80 header bg-no-repeat bg-cover bg-center content-center\">\r\n    <h1 class=\"text-white text-center uppercase\">Carreras<\/h1>\r\n<\/section>\n\n    <section class=\"my-32 text-blue\">\r\n        <div class=\"max-w-6xl mx-auto w-content grid  lg:grid-cols-2 gap-16\">\r\n                            <div class=\"order-1 md:order-first\">\r\n                    <img decoding=\"async\" class=\"block w-full bg-cover aspect-video lg:aspect-auto lg:object-contain\" src=\"https:\/\/burlington-global.com\/wp-content\/uploads\/2024\/10\/image-3.png\" alt=\"\">\r\n                <\/div>\r\n                                        <div class=\"order-2 md:order-last \">\r\n                                            <h2 class=\"mb-5\">Trabajando en Burlington Global<\/h2>\r\n                                            <div class=\"format text-light-muted\">\r\n                            <p>En Burlington Global, ofrecemos m\u00e1s que solo una carrera en bienes ra\u00edces: brindamos un camino hacia la excelencia en uno de los mercados m\u00e1s din\u00e1micos del mundo. Nuestros agentes pasan a formar parte de un equipo de \u00e9lite especializado en propiedades en Marbella, Londres y Dubai, respaldado por m\u00e1s de una d\u00e9cada de \u00e9xito en inversi\u00f3n y desarrollo de propiedades privadas. Lo que nos distingue es nuestro compromiso de fomentar el talento a trav\u00e9s de la tutor\u00eda pr\u00e1ctica de nuestro experimentado equipo de liderazgo, que aporta un amplio conocimiento del mercado y experiencia en la industria para guiar su crecimiento profesional. Nuestro enfoque de oficina privada no solo garantiza un servicio excepcional para nuestros clientes m\u00e1s exigentes, sino que tambi\u00e9n crea un entorno donde los agentes pueden prosperar, aprender y avanzar en sus carreras.<\/p>\n<p>Al unirse a Burlington Global, obtendr\u00e1 acceso a nuestra extensa red internacional, datos de mercado exclusivos y la oportunidad de trabajar con clientes en los principales mercados globales. Creemos en desarrollar no solo transacciones exitosas, sino carreras exitosas, brindando a nuestros agentes las herramientas, el conocimiento y el apoyo necesarios para sobresalir en el sector inmobiliario de lujo.<\/p>\n                        <\/div>\r\n                                                        <\/div>\r\n                    <\/div>\r\n    <\/section>\r\n\n\n<section class=\"hidden fixed top-0 w-full h-full bg-white flex-col overflow-auto z-20\" id=\"modal-career\">\r\n    <button type=\"button\" class=\"absolute top-3 right-2\" onclick=\"closeCareerModal('modal-career')\">\r\n        <svg width=\"40\" height=\"40\" viewBox=\"0 0 40 40\" fill=\"none\" xmlns=\"http:\/\/www.w3.org\/2000\/svg\">\r\n            <mask id=\"mask0_2055_19620\" style=\"mask-type:alpha\" maskUnits=\"userSpaceOnUse\" x=\"0\" y=\"0\" width=\"40\" height=\"40\">\r\n                <rect width=\"40\" height=\"40\" fill=\"#D9D9D9\" \/>\r\n            <\/mask>\r\n            <g mask=\"url(#mask0_2055_19620)\">\r\n                <path d=\"M10.5788 30.4254L9.57422 29.4208L18.9955 20L9.57422 10.5792L10.5788 9.57458L19.9996 18.9958L29.4205 9.57458L30.4251 10.5792L21.0038 20L30.4251 29.4208L29.4205 30.4254L19.9996 21.0042L10.5788 30.4254Z\" fill=\"#080E37\" \/>\r\n            <\/g>\r\n        <\/svg>\r\n    <\/button>\r\n    <div class=\"max-w-3xl mx-auto w-content py-24 space-y-8 relative\">\r\n        <div class=\"space-y-2\">\r\n            <div data-ref=\"title\" class=\"text-4xl font-serif uppercase\"><\/div>\r\n            <div data-ref=\"location\" class=\"text-light-muted text-sm\"><\/div>\r\n        <\/div>\r\n        <div class=\"text-sm space-y-3\">\r\n            <div class=\"text-light-muted font-serif text-lg\"> Descripci\u00f3n<\/div>\r\n            <div class=\"format\" data-ref=\"description\">\r\n\r\n            <\/div>\r\n        <\/div>\r\n        <div class=\"text-sm space-y-3\">\r\n            <div class=\"text-light-muted font-serif text-lg\">Requerimientos<\/div>\r\n            <div class=\"format\" data-ref=\"requirements\"><\/div>\r\n        <\/div>\r\n        <div class=\"text-sm space-y-3\">\r\n            <div class=\"text-light-muted font-serif text-lg\">Informaci\u00f3n adicional<\/div>\r\n            <div class=\"format\" data-ref=\"additional\"><\/div>\r\n        <\/div>\r\n        <div class=\"flex flex-row gap-y-2 gap-x-8 text-sm\">\r\n            <div>\r\n                <div class=\"mb-1 text-light-muted\">Tel\u00e9fono<\/div>\r\n                +34 667 06 50 33            <\/div>\r\n            <div>\r\n                <div class=\"mb-1 text-light-muted\">Email<\/div>\r\n                info@burlington-global.com            <\/div>\r\n        <\/div>\r\n    <\/div>\r\n<\/section><section class=\"my-32\">\r\n    <div class=\"w-content max-w-6xl mx-auto\">\r\n        <h2 class=\"mb-5\">Posiciones abiertas<\/h2>\r\n        <div class=\"format text-light-muted mb-8\">\r\n            Buscamos personas excepcionales que compartan nuestra pasi\u00f3n por los bienes ra\u00edces de lujo y nuestro compromiso con la excelencia. \u00danase a nuestro din\u00e1mico equipo y desarrolle su carrera junto a l\u00edderes de la industria mientras representa algunas de las propiedades m\u00e1s prestigiosas del mundo.        <\/div>\r\n        <div class=\"flex items-center my-4\">\r\n    <div class=\"flex-1\">\r\n        <h3 class=\"mb-2 text-pretty\">Head of Leasing <\/h3>\r\n        <div class=\"text-light-muted text-pretty\">Marbella <\/div>\r\n    <\/div>\r\n    <button class=\"flex items-center gap-x-2 border border-blue text-blue p-2 hover:bg-blue\/10 transition-color duration-300  pr-3\" type=\"button\" onclick=\"openCareerModal(6105)\")>Read more<\/button><\/div>                <hr class=\"text-light-muted\">\r\n                    <div class=\"flex items-center my-4\">\r\n    <div class=\"flex-1\">\r\n        <h3 class=\"mb-2 text-pretty\">Real Estate Advisor <\/h3>\r\n        <div class=\"text-light-muted text-pretty\">Marbella <\/div>\r\n    <\/div>\r\n    <button class=\"flex items-center gap-x-2 border border-blue text-blue p-2 hover:bg-blue\/10 transition-color duration-300  pr-3\" type=\"button\" onclick=\"openCareerModal(6102)\")>Read more<\/button><\/div>                <hr class=\"text-light-muted\">\r\n                    <div class=\"flex items-center my-4\">\r\n    <div class=\"flex-1\">\r\n        <h3 class=\"mb-2 text-pretty\">Head of Sales <\/h3>\r\n        <div class=\"text-light-muted text-pretty\">Marbella <\/div>\r\n    <\/div>\r\n    <button class=\"flex items-center gap-x-2 border border-blue text-blue p-2 hover:bg-blue\/10 transition-color duration-300  pr-3\" type=\"button\" onclick=\"openCareerModal(647)\")>Read more<\/button><\/div>        <\/section>\r\n<script lang=\"text\/javascript\">\r\n    async function openCareerModal(id) {\r\n        const modal = document.getElementById(\"modal-career\");\r\n\r\n        const response = await fetch(\"https:\/\/burlington-global.com\/es\/wp-json\/burlington\/v1\/career?id=\" + id, {\r\n            method: 'GET',\r\n        }).then(res => res.json());\r\n\r\n        const {\r\n            title,\r\n            location,\r\n            description,\r\n            requirements,\r\n            additional\r\n        } = response;\r\n\r\n        const titleElement = modal.querySelector('[data-ref=\"title\"]');\r\n        titleElement.innerHTML = title;\r\n        const locationElement = modal.querySelector('[data-ref=\"location\"]');\r\n        locationElement.innerHTML = location;\r\n        const descriptionElement = modal.querySelector('[data-ref=\"description\"]');\r\n        descriptionElement.innerHTML = description;\r\n        const requirementsElement = modal.querySelector('[data-ref=\"requirements\"]');\r\n        requirementsElement.innerHTML = requirements;\r\n        const additionalElement = modal.querySelector('[data-ref=\"additional\"]');\r\n        additionalElement.innerHTML = additional;\r\n\r\n        modal.classList.remove('hidden');\r\n        setBodyOverflow('hidden');\r\n    }\r\n\r\n    function closeCareerModal($id) {\r\n        const modal = document.getElementById(\"modal-career\");\r\n        modal.classList.add('hidden');\r\n        setBodyOverflow('auto');\r\n    }\r\n<\/script>\n\n<section class=\"my-32\" id=\"contact\">\r\n  <div class=\"max-w-6xl mx-auto w-content\">\r\n    <h2 class=\"mb-5\">Contacto<\/h2>\r\n          <p class=\"text-light-muted\">Para explorar oportunidades profesionales con Burlington Global, registre sus datos para comenzar su viaje en el sector inmobiliario de lujo.<\/p>\r\n        <div class=\"grid items-center gap-8 mt-8 md:grid-cols-2 lg:gap-16\">\r\n      <div class=\"grid lg:grid-cols-[auto_1fr] items-center gap-5\">\r\n        <img decoding=\"async\" class=\"w-full mx-auto max-w-44 md:mx-0\" src=\"https:\/\/burlington-global.com\/wp-content\/themes\/burlington\/assets\/images\/round-logo.png\" alt=\"Burlington Global Logo\" loading=\"lazy\" \/>\r\n\r\n        <div class=\"grid grid-cols-2 gap-5 text-center md:grid-cols-1 md:text-left\">\r\n          <div class=\"space-y-1\">\r\n            <div class=\"text-light-muted\">\r\n              Tel\u00e9fono            <\/div>\r\n            <div>\r\n              +34 667 06 50 33            <\/div>\r\n          <\/div>\r\n          <div class=\"space-y-1 lg:ml-5\">\r\n            <div class=\"text-light-muted\">\r\n              Whatsapp\r\n            <\/div>\r\n            <div>\r\n              +34 667 06 50 33            <\/div>\r\n          <\/div>\r\n          <div class=\"space-y-1 col-span-full sm:col-span-1 lg:ml-5\">\r\n            <div class=\"text-light-muted\">\r\n              Email            <\/div>\r\n            <div>\r\n              info@burlington-global.com            <\/div>\r\n          <\/div>\r\n          <div class=\"space-y-1 col-span-full sm:col-span-1\">\r\n            <div class=\"text-light-muted\">\r\n              Direcci\u00f3n            <\/div>\r\n            <div>\r\n              Oficina 10, 1er Piso, Blvd. del Pr\u00edncipe Alfonso Von Hohenlohe n\u00ba19, Hotel Guadalpin 29602, Marbella            <\/div>\r\n          <\/div>\r\n        <\/div>\r\n      <\/div>\r\n\r\n      <form class=\"grid gap-5 xl:grid-cols-2 inmo-form\"\r\n        id=\"69d0c3058cb51\"\r\n        action=\"https:\/\/burlington-global.com\/wp-admin\/admin-ajax.php\"\r\n        method=\"post\"\r\n        data-action=\"contact_form\">\r\n        <input type=\"hidden\" id=\"contact_form_nonce_field\" name=\"contact_form_nonce_field\" value=\"cd9234f2c5\" \/><input type=\"hidden\" name=\"_wp_http_referer\" value=\"\/es\/wp-json\/wp\/v2\/pages\/202\" \/>\r\n        <div class=\"flex items-center gap-2 col-span-full\">\r\n\r\n          <label for=\"69d0c3058cb51-name\" class=\"text-light-muted\">Nombre completo<\/label>\r\n          \r\n<input type=\"text\" name=\"name\" id=\"69d0c3058cb51-name\" class=\"bg-transparent border-l-0 border-t-0 border-r-0 border-b border-b-light-muted px-0 py-2 flex-1\"   required  autocomplete=\"off\"   >        <\/div>\r\n\r\n        <div class=\"flex items-center gap-2\">\r\n          <label for=\"69d0c3058cb51-email\" class=\"text-light-muted\">Email<\/label>\r\n          \r\n<input type=\"email\" name=\"email\" id=\"69d0c3058cb51-email\" class=\"bg-transparent border-l-0 border-t-0 border-r-0 border-b border-b-light-muted px-0 py-2 flex-1\"   required  autocomplete=\"off\"   >        <\/div>\r\n\r\n        <div class=\"flex items-center gap-2\">\r\n          <label for=\"69d0c3058cb51-phone\" class=\"text-light-muted\">Tel\u00e9fono<\/label>\r\n          \r\n<input type=\"text\" name=\"phone\" id=\"69d0c3058cb51-phone\" class=\"bg-transparent border-l-0 border-t-0 border-r-0 border-b border-b-light-muted px-0 py-2 flex-1\"   required  autocomplete=\"off\"   >        <\/div>\r\n\r\n        <div class=\"space-y-2 col-span-full\">\r\n          <label for=\"69d0c3058cb51-message\" class=\"block text-light-muted\">Mensaje<\/label>\r\n          <textarea name=\"message\" id=\"69d0c3058cb51-message\" class=\"bg-transparent border-l-0 border-t-0 border-r-0 border-b border-b-light-muted px-0 pt-0 pb-2 w-full\"  placeholder=\"\"  ><\/textarea>        <\/div>\r\n\r\n        <div class=\"flex gap-2 col-span-full\">\r\n  <input type=\"checkbox\" name=\"terms\" id=\"69d0c3058cb51-terms\" class=\"size-5 block mt-0.5 border-light-muted\"   required >\r\n  <label class=\"flex-1 text-light-muted\" for=\"69d0c3058cb51-terms\">Acepto los T\u00e9rminos y Condiciones<\/label>\r\n<\/div>\r\n        <input type=\"submit\" name=\"\" id=\"69d0c3058cb51-terms\" class=\"bg-blue text-white px-3 py-2 col-span-full w-fit mx-auto\"  value=\"Enviar mensaje\">\r\n        <input type=\"hidden\" name=\"form-name\" value=\"Property Contact Form\">\r\n        <input type=\"hidden\" name=\"property-reference\" value=\"\">\r\n\r\n      <\/form>\r\n    <\/div>\r\n  <\/div>\r\n<\/section>","protected":false},"excerpt":{"rendered":"","protected":false},"author":7,"featured_media":0,"parent":0,"menu_order":0,"comment_status":"closed","ping_status":"closed","template":"","meta":{"_acf_changed":false,"_joinchat":[],"footnotes":""},"class_list":["post-202","page","type-page","status-publish","hentry"],"acf":[],"_links":{"self":[{"href":"https:\/\/burlington-global.com\/es\/wp-json\/wp\/v2\/pages\/202","targetHints":{"allow":["GET"]}}],"collection":[{"href":"https:\/\/burlington-global.com\/es\/wp-json\/wp\/v2\/pages"}],"about":[{"href":"https:\/\/burlington-global.com\/es\/wp-json\/wp\/v2\/types\/page"}],"author":[{"embeddable":true,"href":"https:\/\/burlington-global.com\/es\/wp-json\/wp\/v2\/users\/7"}],"replies":[{"embeddable":true,"href":"https:\/\/burlington-global.com\/es\/wp-json\/wp\/v2\/comments?post=202"}],"version-history":[{"count":5,"href":"https:\/\/burlington-global.com\/es\/wp-json\/wp\/v2\/pages\/202\/revisions"}],"predecessor-version":[{"id":5512,"href":"https:\/\/burlington-global.com\/es\/wp-json\/wp\/v2\/pages\/202\/revisions\/5512"}],"wp:attachment":[{"href":"https:\/\/burlington-global.com\/es\/wp-json\/wp\/v2\/media?parent=202"}],"curies":[{"name":"wp","href":"https:\/\/api.w.org\/{rel}","templated":true}]}}