{"id":196,"date":"2024-10-04T13:25:16","date_gmt":"2024-10-04T11:25:16","guid":{"rendered":"https:\/\/burlington.isabellatech.co\/?page_id=196"},"modified":"2024-11-25T21:09:25","modified_gmt":"2024-11-25T20:09:25","slug":"services","status":"publish","type":"page","link":"https:\/\/burlington-global.com\/es\/services\/","title":{"rendered":"Services"},"content":{"rendered":"<section style=\"background-image: linear-gradient(0deg, rgba(8, 14, 55, 0.85) 0%, rgba(8, 14, 55, 0.85) 100%), url('https:\/\/burlington-global.com\/wp-content\/uploads\/2024\/10\/IMG_0862-Copy-scaled.jpg');\" class=\"relative pt-14 pb-16 min-h-80 header bg-no-repeat bg-cover bg-center content-center\">\r\n    <h1 class=\"text-white text-center uppercase\">Nuestros Servicios<\/h1>\r\n<\/section>\n\n<section class=\"bg-blue text-white py-32\">\r\n  <div class=\"max-w-6xl w-content mx-auto\">\r\n              <p class=\"text-dark-muted\">Experimente soluciones inmobiliarias incomparables adaptadas a sus necesidades \u00fanicas. Desde la adquisici\u00f3n y venta de propiedades hasta alquileres y gesti\u00f3n de estilo de vida, disfrute de un servicio personalizado e impecable que se anticipa a sus deseos y supera sus expectativas en todo momento.<\/p>\r\n        <div class=\"grid md:grid-cols-2 gap-y-8 gap-x-16 mt-16\">\r\n      <div class=\"space-y-3\">\r\n                  <button id=\"service-button-0\" class=\"service-button block w-full py-3 font-serif text-2xl text-left uppercase border-b border-white\" data-index=\"0\">\r\n            Comprar          <\/button>\r\n                  <button id=\"service-button-1\" class=\"service-button block w-full py-3 font-serif text-2xl text-left uppercase opacity-50\" data-index=\"1\">\r\n            Venta          <\/button>\r\n                  <button id=\"service-button-2\" class=\"service-button block w-full py-3 font-serif text-2xl text-left uppercase opacity-50\" data-index=\"2\">\r\n            Alquiler          <\/button>\r\n                  <button id=\"service-button-3\" class=\"service-button block w-full py-3 font-serif text-2xl text-left uppercase opacity-50\" data-index=\"3\">\r\n            Nuevos desarrollos          <\/button>\r\n                  <button id=\"service-button-4\" class=\"service-button block w-full py-3 font-serif text-2xl text-left uppercase opacity-50\" data-index=\"4\">\r\n            Estancias de lujo          <\/button>\r\n                  <button id=\"service-button-5\" class=\"service-button block w-full py-3 font-serif text-2xl text-left uppercase opacity-50\" data-index=\"5\">\r\n            Conserje de estilo de vida          <\/button>\r\n              <\/div>\r\n      <div>\r\n                  <div id=\"service-content-0\" class=\"service-content space-y-7 block\">\r\n            <div class=\"text-dark-muted format\">\r\n              <p><strong>UN VIAJE HACIA SU PROPIEDAD PERFECTA<\/strong><\/p>\n<p>En Burlington Global, entendemos que adquirir una propiedad de lujo es una inversi\u00f3n importante y un viaje profundamente personal. Nuestro equipo de expertos lo gu\u00eda en cada paso, combinando un profundo conocimiento del mercado con acceso exclusivo para garantizar que obtenga la propiedad ideal.<\/p>\n            <\/div>\r\n            <a href=\"https:\/\/burlington-global.com\/es\/services\/buying\/\" class=\"flex items-center gap-4 w-fit font-serif\" target=\"_self\">\r\n  Leer m\u00e1s  <svg width=\"100\" height=\"5\" viewBox=\"0 0 102 5\" fill=\"none\" xmlns=\"http:\/\/www.w3.org\/2000\/svg\">\r\n    <path d=\"M0 4.5H100L96.5 1\" stroke=\"currentColor\" stroke-miterlimit=\"12.7455\" \/>\r\n  <\/svg>\r\n<\/a>            <a href=\"https:\/\/burlington-global.com\/es\/services\/buying\/\">\r\n              <img decoding=\"async\" src=\"https:\/\/burlington-global.com\/wp-content\/uploads\/2024\/10\/B98Le8d7M9k3DegpEFZhS0lI_F8U4XZVzHWxtmGgYekxX9nCAxh0ZipZlAjNxEM6s1urIyRjZSF9Bl8bb7lktOKUSfpht_fdlsKnWUqTMC87Hf8RCGMJwDcR3J3IaTvuYLGjDfarVOtlzJT.jpg\" alt=\"Comprar\" class=\"w-full aspect-video object-cover bg-center pt-7\" \/>\r\n            <\/a>\r\n          <\/div>\r\n                  <div id=\"service-content-1\" class=\"service-content space-y-7 hidden\">\r\n            <div class=\"text-dark-muted format\">\r\n              <p>UN VIAJE A MEDIDA HACIA RESULTADOS EXCEPCIONALES<\/p>\n<p>En Burlington Global, entendemos que su propiedad merece una estrategia de venta excepcional. Nuestro enfoque personalizado garantiza que su propiedad llegue a compradores de todo el mundo, aprovechando nuestra extensa red global y nuestra experiencia en marketing de vanguardia.<\/p>\n            <\/div>\r\n            <a href=\"https:\/\/burlington-global.com\/es\/services\/selling\/\" class=\"flex items-center gap-4 w-fit font-serif\" target=\"_self\">\r\n  Leer m\u00e1s  <svg width=\"100\" height=\"5\" viewBox=\"0 0 102 5\" fill=\"none\" xmlns=\"http:\/\/www.w3.org\/2000\/svg\">\r\n    <path d=\"M0 4.5H100L96.5 1\" stroke=\"currentColor\" stroke-miterlimit=\"12.7455\" \/>\r\n  <\/svg>\r\n<\/a>            <a href=\"https:\/\/burlington-global.com\/es\/services\/selling\/\">\r\n              <img decoding=\"async\" src=\"https:\/\/burlington-global.com\/wp-content\/uploads\/2024\/10\/B98Le8d7M9k3DegpEFZhS0lI_F8U4XZVzHWxtmGgYekxX9nCAxh0ZipZlAjNxEM6s1urIyRjZSF9fBiXPELqBPgy9RSRg7XqeqNPpdP9BGwVRJlhwI9KJ4Y5RYaLLmQAy9lc8FNLXl5fU24J.jpg\" alt=\"Venta\" class=\"w-full aspect-video object-cover bg-center pt-7\" \/>\r\n            <\/a>\r\n          <\/div>\r\n                  <div id=\"service-content-2\" class=\"service-content space-y-7 hidden\">\r\n            <div class=\"text-dark-muted format\">\r\n              <p>MAXIMIZA EL POTENCIAL DE TU PROPIEDAD<\/p>\n<p>Transforme su propiedad de lujo en un activo exclusivo que genera ingresos con Burlington Global. Nuestra divisi\u00f3n de alquiler dedicada, The Burlington Collection, se especializa en alquileres premium a corto y largo plazo, brindando rendimientos excepcionales y al mismo tiempo garantizando que su propiedad reciba el cuidado y la atenci\u00f3n que merece.<\/p>\n            <\/div>\r\n            <a href=\"https:\/\/burlington-global.com\/es\/services\/renting\/\" class=\"flex items-center gap-4 w-fit font-serif\" target=\"_self\">\r\n  Leer m\u00e1s  <svg width=\"100\" height=\"5\" viewBox=\"0 0 102 5\" fill=\"none\" xmlns=\"http:\/\/www.w3.org\/2000\/svg\">\r\n    <path d=\"M0 4.5H100L96.5 1\" stroke=\"currentColor\" stroke-miterlimit=\"12.7455\" \/>\r\n  <\/svg>\r\n<\/a>            <a href=\"https:\/\/burlington-global.com\/es\/services\/renting\/\">\r\n              <img decoding=\"async\" src=\"https:\/\/burlington-global.com\/wp-content\/uploads\/2024\/10\/BUILDING-BALCONY-scaled.jpg\" alt=\"Alquiler\" class=\"w-full aspect-video object-cover bg-center pt-7\" \/>\r\n            <\/a>\r\n          <\/div>\r\n                  <div id=\"service-content-3\" class=\"service-content space-y-7 hidden\">\r\n            <div class=\"text-dark-muted format\">\r\n              <p>NUEVOS DESARROLLOS CON BURLINGTON GLOBAL<\/p>\n<p>En Burlington Global, brindamos acceso exclusivo a nuevas oportunidades de desarrollo cuidadosamente seleccionadas en nuestros principales mercados. Desde lujosas villas sobre plano hasta complejos de apartamentos contempor\u00e1neos, nuestra experiencia garantiza un proceso de inversi\u00f3n fluido desde la selecci\u00f3n hasta la finalizaci\u00f3n.<\/p>\n            <\/div>\r\n            <a href=\"https:\/\/burlington-global.com\/es\/services\/new-developments\/\" class=\"flex items-center gap-4 w-fit font-serif\" target=\"_self\">\r\n  Leer m\u00e1s  <svg width=\"100\" height=\"5\" viewBox=\"0 0 102 5\" fill=\"none\" xmlns=\"http:\/\/www.w3.org\/2000\/svg\">\r\n    <path d=\"M0 4.5H100L96.5 1\" stroke=\"currentColor\" stroke-miterlimit=\"12.7455\" \/>\r\n  <\/svg>\r\n<\/a>            <a href=\"https:\/\/burlington-global.com\/es\/services\/new-developments\/\">\r\n              <img decoding=\"async\" src=\"https:\/\/burlington-global.com\/wp-content\/uploads\/2025\/08\/B98Le8d7M9k3DegpEFZhS0lI_F8U4XZVzHWxtmGgYekxX9nCAxh0ZipZlAjNxEM6s1urIyRjZSF9Bl8bb7lktOdyj8NDHFeSDSwASSIdlFopXwSP3T5mP0SUo9Z5mWeRoaYjl4jNAUeHbMk.jpg\" alt=\"Nuevos desarrollos\" class=\"w-full aspect-video object-cover bg-center pt-7\" \/>\r\n            <\/a>\r\n          <\/div>\r\n                  <div id=\"service-content-4\" class=\"service-content space-y-7 hidden\">\r\n            <div class=\"text-dark-muted format\">\r\n              <p>ESTANCIAS DE LUJO CON LA COLECCI\u00d3N BURLINGTON<\/p>\n<p>The Burlington Collection presenta una cartera seleccionada por expertos de las mejores propiedades del mundo para estad\u00edas cortas, ofreciendo a los viajeros exigentes acceso a casas extraordinarias en los destinos m\u00e1s codiciados. Cada residencia se selecciona meticulosamente para ofrecer una experiencia de vida de lujo incomparable.<\/p>\n            <\/div>\r\n            <a href=\"https:\/\/burlington-global.com\/es\/services\/luxury-rentals\/\" class=\"flex items-center gap-4 w-fit font-serif\" target=\"_self\">\r\n  Leer m\u00e1s  <svg width=\"100\" height=\"5\" viewBox=\"0 0 102 5\" fill=\"none\" xmlns=\"http:\/\/www.w3.org\/2000\/svg\">\r\n    <path d=\"M0 4.5H100L96.5 1\" stroke=\"currentColor\" stroke-miterlimit=\"12.7455\" \/>\r\n  <\/svg>\r\n<\/a>            <a href=\"https:\/\/burlington-global.com\/es\/services\/luxury-rentals\/\">\r\n              <img decoding=\"async\" src=\"https:\/\/burlington-global.com\/wp-content\/uploads\/2024\/10\/LUXURY-STAYS-scaled.jpg\" alt=\"Estancias de lujo\" class=\"w-full aspect-video object-cover bg-center pt-7\" \/>\r\n            <\/a>\r\n          <\/div>\r\n                  <div id=\"service-content-5\" class=\"service-content space-y-7 hidden\">\r\n            <div class=\"text-dark-muted format\">\r\n              <p>CONCIERGE DE ESTILO DE VIDA CON LA COLECCI\u00d3N BURLINGTON<\/p>\n<p>El dedicado equipo de Lifestyle Concierge de Burlington Collection mejora su experiencia de estad\u00eda m\u00e1s all\u00e1 de propiedades excepcionales, brindando un conjunto integral de servicios premium dise\u00f1ados para perfeccionar cada momento. Desde acceso exclusivo a experiencias codiciadas hasta gesti\u00f3n diaria del estilo de vida, garantizamos una estad\u00eda extraordinaria y perfecta.<\/p>\n            <\/div>\r\n            <a href=\"https:\/\/burlington-global.com\/es\/services\/lifestyle-concierge\/\" class=\"flex items-center gap-4 w-fit font-serif\" target=\"_self\">\r\n  Leer m\u00e1s  <svg width=\"100\" height=\"5\" viewBox=\"0 0 102 5\" fill=\"none\" xmlns=\"http:\/\/www.w3.org\/2000\/svg\">\r\n    <path d=\"M0 4.5H100L96.5 1\" stroke=\"currentColor\" stroke-miterlimit=\"12.7455\" \/>\r\n  <\/svg>\r\n<\/a>            <a href=\"https:\/\/burlington-global.com\/es\/services\/lifestyle-concierge\/\">\r\n              <img decoding=\"async\" src=\"https:\/\/burlington-global.com\/wp-content\/uploads\/2024\/10\/MCPIER-2-scaled.jpg\" alt=\"Conserje de estilo de vida\" class=\"w-full aspect-video object-cover bg-center pt-7\" \/>\r\n            <\/a>\r\n          <\/div>\r\n              <\/div>\r\n    <\/div>\r\n  <\/div>\r\n<\/section>\r\n\r\n<script>\r\n  document.addEventListener('DOMContentLoaded', function() {\r\n    const buttons = document.querySelectorAll('.service-button');\r\n    const contents = document.querySelectorAll('.service-content');\r\n\r\n    buttons.forEach(button => {\r\n      button.addEventListener('click', function() {\r\n        const index = this.getAttribute('data-index');\r\n\r\n        \/\/ Ocultar todos los contenidos\r\n        contents.forEach(content => content.classList.add('hidden'));\r\n\r\n        \/\/ Mostrar el contenido correspondiente\r\n        document.getElementById(`service-content-${index}`).classList.remove('hidden');\r\n\r\n        \/\/ Actualizar estilos de los botones\r\n        buttons.forEach(btn => {\r\n          btn.classList.remove('border-white', 'border-b');\r\n          btn.classList.add('opacity-50');\r\n        });\r\n        this.classList.remove('opacity-50');\r\n        this.classList.add('border-white', 'border-b');\r\n      });\r\n    });\r\n  });\r\n<\/script>\r\n\r\n<style>\r\n  .border-blue-500 {\r\n    border-bottom: 1px solid #080E37;\r\n    \/* Azul *\/\r\n  }\r\n\r\n  .border-white {\r\n    border-bottom: 1px solid white;\r\n  }\r\n\r\n  .opacity-50 {\r\n    opacity: 0.5;\r\n  }\r\n<\/style>\n\n    <section class=\"my-32 text-blue\">\r\n        <div class=\"max-w-6xl mx-auto w-content grid  justify-end gap-16\">\r\n                                        <div class=\"order-1 md:order-first \">\r\n                                            <h2 class=\"mb-5\">propiedades<\/h2>\r\n                                            <div class=\"format text-light-muted\">\r\n                            <p>Explore nuestra colecci\u00f3n cuidadosamente seleccionada de propiedades excepcionales, perfectas para quienes buscan una residencia principal, una casa de vacaciones u una oportunidad de inversi\u00f3n. Nuestros asesores experimentados han elegido cuidadosamente cada propiedad para que se adapte a su estilo de vida \u00fanico, incluida una gama de alquileres de lujo en destinos de primer nivel para aquellos que buscan una escapada inolvidable.<\/p>\n                        <\/div>\r\n                                                                <a href=\"https:\/\/burlington-global.com\/about\/\" class=\"flex items-center gap-4 w-fit mt-5\" target=\"_self\">\r\n  Ver todas las propiedades  <svg width=\"100\" height=\"5\" viewBox=\"0 0 102 5\" fill=\"none\" xmlns=\"http:\/\/www.w3.org\/2000\/svg\">\r\n    <path d=\"M0 4.5H100L96.5 1\" stroke=\"currentColor\" stroke-miterlimit=\"12.7455\" \/>\r\n  <\/svg>\r\n<\/a>                                    <\/div>\r\n                    <\/div>\r\n    <\/section>","protected":false},"excerpt":{"rendered":"","protected":false},"author":7,"featured_media":0,"parent":0,"menu_order":0,"comment_status":"closed","ping_status":"closed","template":"","meta":{"_acf_changed":false,"_joinchat":[],"footnotes":""},"class_list":["post-196","page","type-page","status-publish","hentry"],"acf":[],"_links":{"self":[{"href":"https:\/\/burlington-global.com\/es\/wp-json\/wp\/v2\/pages\/196","targetHints":{"allow":["GET"]}}],"collection":[{"href":"https:\/\/burlington-global.com\/es\/wp-json\/wp\/v2\/pages"}],"about":[{"href":"https:\/\/burlington-global.com\/es\/wp-json\/wp\/v2\/types\/page"}],"author":[{"embeddable":true,"href":"https:\/\/burlington-global.com\/es\/wp-json\/wp\/v2\/users\/7"}],"replies":[{"embeddable":true,"href":"https:\/\/burlington-global.com\/es\/wp-json\/wp\/v2\/comments?post=196"}],"version-history":[{"count":26,"href":"https:\/\/burlington-global.com\/es\/wp-json\/wp\/v2\/pages\/196\/revisions"}],"predecessor-version":[{"id":6092,"href":"https:\/\/burlington-global.com\/es\/wp-json\/wp\/v2\/pages\/196\/revisions\/6092"}],"wp:attachment":[{"href":"https:\/\/burlington-global.com\/es\/wp-json\/wp\/v2\/media?parent=196"}],"curies":[{"name":"wp","href":"https:\/\/api.w.org\/{rel}","templated":true}]}}