{"id":194,"date":"2024-10-04T11:38:19","date_gmt":"2024-10-04T09:38:19","guid":{"rendered":"https:\/\/burlington.isabellatech.co\/?page_id=194"},"modified":"2024-11-07T20:51:19","modified_gmt":"2024-11-07T19:51:19","slug":"about","status":"publish","type":"page","link":"https:\/\/burlington-global.com\/es\/about\/","title":{"rendered":"About"},"content":{"rendered":"<section style=\"background-image: linear-gradient(0deg, rgba(8, 14, 55, 0.85) 0%, rgba(8, 14, 55, 0.85) 100%), url('https:\/\/burlington-global.com\/wp-content\/uploads\/2024\/10\/MCPIER-2-scaled.jpg');\" class=\"relative pt-14 pb-16 min-h-80 header bg-no-repeat bg-cover bg-center content-center\">\r\n    <h1 class=\"text-white text-center uppercase\">About Us<\/h1>\r\n<\/section>\n\n    <section class=\"my-32 text-blue\">\r\n        <div class=\"max-w-6xl mx-auto w-content grid  justify-start gap-16\">\r\n                                        <div class=\"order-2 md:order-last \">\r\n                                            <h2 class=\"mb-5\">Burlington Global<\/h2>\r\n                                            <div class=\"format text-light-muted\">\r\n                            <p>Burlington Global, agencia y promotora inmobiliaria, se especializa en la adquisici\u00f3n, venta y alquiler de propiedades de lujo en Marbella, Londres y Dubai. Con una base arraigada en m\u00e1s de una d\u00e9cada de \u00e9xito en la inversi\u00f3n y el desarrollo de propiedades privadas en estos mercados principales y en Medio Oriente, nuestra empresa se fund\u00f3 gracias a la colaboraci\u00f3n de profesionales de gran \u00e9xito. Nuestro equipo de liderazgo aporta una amplia experiencia y un profundo conocimiento de estos mercados exclusivos, lo que nos permite ofrecer un servicio incomparable a nuestros clientes m\u00e1s exigentes.<\/p>\n                        <\/div>\r\n                                                        <\/div>\r\n                    <\/div>\r\n    <\/section>\r\n\n\n    <section class=\"my-32 text-blue\">\r\n        <div class=\"max-w-6xl mx-auto w-content grid  justify-start gap-16\">\r\n                                        <div class=\"order-2 md:order-last \">\r\n                                            <h2 class=\"mb-5\">Nuestro enfoque<\/h2>\r\n                                            <div class=\"format text-light-muted\">\r\n                            <p>Nuestro esp\u00edritu se centra en un enfoque de oficina privada para los servicios al cliente, enfatizando la discreci\u00f3n, la precisi\u00f3n y un profundo compromiso para superar las expectativas. Aprovechamos nuestras amplias conexiones internacionales y el acceso a datos de mercado exclusivos para dar forma a soluciones personalizadas adaptadas a las necesidades \u00fanicas de cada cliente. Desde servicios integrales de conserjer\u00eda sobre estilo de vida hasta la b\u00fasqueda de propiedades fuera del mercado y la facilitaci\u00f3n de oportunidades de inversi\u00f3n, aprovechamos nuestro alcance global e influencia en la industria para ofrecer resultados excepcionales.<\/p>\n<p>En Burlington Global, nos enorgullecemos de desarrollar relaciones a largo plazo con nuestros clientes. Nuestra dedicaci\u00f3n a la integridad y la transparencia garantiza que cada interacci\u00f3n est\u00e9 marcada por la confianza y la confiabilidad. No solo ofrecemos las casas m\u00e1s hermosas, sino que tambi\u00e9n cuidamos cada detalle con excelente cuidado. Desde el contacto inicial hasta la transacci\u00f3n final, nuestro enfoque est\u00e1 en crear experiencias que forjen conexiones duraderas e inspiren negocios repetidos.<\/p>\n                        <\/div>\r\n                                                        <\/div>\r\n                    <\/div>\r\n    <\/section>\r\n\n\n<section class=\"hidden fixed top-0 left-0 size-full bg-white overflow-auto z-20 content-center\" id=\"modal-team\">\r\n    <button type=\"button\" class=\"absolute top-3 right-2 z-20\" onclick=\"closeCareerModal('modal-team')\">\r\n        <svg width=\"40\" height=\"40\" viewBox=\"0 0 40 40\" fill=\"none\" xmlns=\"http:\/\/www.w3.org\/2000\/svg\">\r\n            <mask id=\"mask0_2055_19620\" style=\"mask-type:alpha\" maskUnits=\"userSpaceOnUse\" x=\"0\" y=\"0\" width=\"40\" height=\"40\">\r\n                <rect width=\"40\" height=\"40\" fill=\"#D9D9D9\" \/>\r\n            <\/mask>\r\n            <g mask=\"url(#mask0_2055_19620)\">\r\n                <path d=\"M10.5788 30.4254L9.57422 29.4208L18.9955 20L9.57422 10.5792L10.5788 9.57458L19.9996 18.9958L29.4205 9.57458L30.4251 10.5792L21.0038 20L30.4251 29.4208L29.4205 30.4254L19.9996 21.0042L10.5788 30.4254Z\" fill=\"#080E37\" \/>\r\n            <\/g>\r\n        <\/svg>\r\n    <\/button>\r\n    <div class=\"max-w-6xl mx-auto py-16 w-content flex flex-col lg:items-center lg:flex-row gap-8 lg:gap-16\">\r\n        <img decoding=\"async\" class=\"w-[360px] max-h-[508px] aspect-[3\/4] object-cover mt-8\" data-ref=\"image\" src=\"\">\r\n        <div class=\"w-full space-y-5 lg:space-y-8 flex-1\">\r\n            <div class=\"space-y-2\">\r\n                <div data-ref=\"title\" class=\"text-4xl font-serif uppercase\"><\/div>\r\n                <div class=\"text-light-muted text-sm\" data-ref=\"position\"><\/div>\r\n            <\/div>\r\n            <div class=\"flex flex-row gap-8\">\r\n                <div>\r\n                    <div class=\"space-y-1 text-light-muted\">Phone<\/div>\r\n                    <div data-ref=\"phone\"><\/div>\r\n                <\/div>\r\n                <div>\r\n                    <div class=\"space-y-1 text-light-muted\">Email<\/div>\r\n                    <div data-ref=\"email\"><\/div>\r\n                <\/div>\r\n            <\/div>\r\n            <div class=\"format\" data-ref=\"description\"><\/div>\r\n        <\/div>\r\n    <\/div>\r\n<\/section>\r\n<section class=\"bg-blue text-white py-32\">\r\n    <div class=\"w-content max-w-6xl mx-auto\">\r\n        <h2 class=\"mb-5\">Liderazgo<\/h2>\r\n        <p class=\"text-dark-muted\">En Burlington Global, nuestro equipo de liderazgo aporta una experiencia inigualable en alquileres de lujo, servicios de conserjer\u00eda y mercados inmobiliarios globales. Juntos, impulsan nuestro compromiso con soluciones inmobiliarias personalizadas y centradas en el cliente.<\/p>\r\n        <div class=\"grid  sm:grid-cols-2 md:grid-cols-3 gap-8 mt-8\">\r\n            \r\n<div>\r\n            <img decoding=\"async\" src=\"https:\/\/burlington-global.com\/wp-content\/uploads\/2024\/11\/WhatsApp-Image-2024-11-26-at-08.35.49-1-e1732610483635.jpeg\" alt=\"\" onclick=\"openTeamModal(' 6119 ')\" class=\"w-full h-auto aspect-auto\">\r\n        <h3 class=\"mt-3 capitalize text-pretty\">Nabil Souni<\/h3>\r\n    <div class=\"text-dark-muted mt-2.5\">(English) Partner<\/div>\r\n<\/div>\r\n<div>\r\n            <img decoding=\"async\" src=\"https:\/\/burlington-global.com\/wp-content\/uploads\/2024\/10\/A7404681-2-e1732610188439.jpg\" alt=\"\" onclick=\"openTeamModal(' 3524 ')\" class=\"w-full h-auto aspect-auto\">\r\n        <h3 class=\"mt-3 capitalize text-pretty\">Ryan Dougan<\/h3>\r\n    <div class=\"text-dark-muted mt-2.5\">Pareja<\/div>\r\n<\/div>        <\/div>\r\n    <\/div>\r\n<\/section>\r\n\r\n<script lang=\"text\/javascript\">\r\n    async function openTeamModal(id) {\r\n        const modal = document.getElementById(\"modal-team\");\r\n\r\n        const response = await fetch(\"https:\/\/burlington-global.com\/es\/wp-json\/burlington\/v1\/team?id=\" + id, {\r\n            method: 'GET',\r\n        }).then(res => res.json());\r\n\r\n        const {\r\n            title,\r\n            position,\r\n            phone,\r\n            email,\r\n            image,\r\n            description\r\n        } = response;\r\n\r\n        const titleElement = modal.querySelector('[data-ref=\"title\"]');\r\n        titleElement.innerHTML = title;\r\n        const positionElement = modal.querySelector('[data-ref=\"position\"]');\r\n        positionElement.innerHTML = position;\r\n        const phoneElement = modal.querySelector('[data-ref=\"phone\"]');\r\n        phoneElement.innerHTML = phone;\r\n        const emailElement = modal.querySelector('[data-ref=\"email\"]');\r\n        emailElement.innerHTML = email;\r\n        const imageElement = modal.querySelector('[data-ref=\"image\"]');\r\n        imageElement.setAttribute('src', image);\r\n        imageElement.setAttribute('alt', title);\r\n        const descriptionElement = modal.querySelector('[data-ref=\"description\"]');\r\n        descriptionElement.innerHTML = description;\r\n\r\n        modal.classList.remove('hidden');\r\n        setBodyOverflow('hidden');\r\n    }\r\n\r\n    function closeCareerModal($id) {\r\n        const modal = document.getElementById(\"modal-team\");\r\n        modal.classList.add('hidden');\r\n        setBodyOverflow('auto');\r\n    }\r\n<\/script>\n\n<section class=\"overflow-hidden my-32 text-blue\">\r\n  <div class=\"max-w-6xl w-content mx-auto space-y-7\">\r\n    <h2>Nuestros mercados<\/h2>\r\n          <div class=\"format text-light-muted\"><p>Nuestra amplia presencia global est\u00e1 respaldada por las relaciones duraderas que hemos construido durante d\u00e9cadas. Adem\u00e1s de nuestra presencia directa en Marbella, Londres y Dubai, nuestra red de afiliados nos permite ofrecer a los clientes una perspectiva global integral de sus necesidades inmobiliarias.<\/p>\n<\/div>\r\n        <div class=\"embla market-slider market-slider-69dc2c70ec574 mt-8\">\r\n      <div class=\"embla__viewport\">\r\n        <div class=\"embla__container\">\r\n                      <div class=\"embla__slide max-h-[572px]\">\r\n              <article class=\"relative aspect-[4\/5] md:aspect-[3\/5] bg-cover h-full w-full\" style=\"background-image: linear-gradient(0deg, rgba(8, 14, 55, 0.4) 0%, rgba(8, 14, 55, 0.4) 60%), url(https:\/\/burlington-global.com\/wp-content\/uploads\/2024\/10\/tom-wheatley-QiJ-jdv-6t0-unsplash-2.jpg);\">\r\n  <a class=\"block size-full\" href=\"https:\/\/burlington-global.com\/es\/market\/marbella\/\">\r\n    <div class=\"absolute top-16 left-0 -rotate-90 -translate-x-full\">\r\n      <h3 class=\"absolute top-full right-full text-white text-2xl font-sans -translate-x-5 translate-y-5\">Marbella<\/h3>\r\n    <\/div>\r\n  <\/a>\r\n<\/article>            <\/div>\r\n                      <div class=\"embla__slide max-h-[572px]\">\r\n              <article class=\"relative aspect-[4\/5] md:aspect-[3\/5] bg-cover h-full w-full\" style=\"background-image: linear-gradient(0deg, rgba(8, 14, 55, 0.4) 0%, rgba(8, 14, 55, 0.4) 60%), url(https:\/\/burlington-global.com\/wp-content\/uploads\/2024\/10\/sabrina-mazzeo-g-krQzQo9mI-unsplash-scaled.jpg);\">\r\n  <a class=\"block size-full\" href=\"https:\/\/burlington-global.com\/es\/market\/london\/\">\r\n    <div class=\"absolute top-16 left-0 -rotate-90 -translate-x-full\">\r\n      <h3 class=\"absolute top-full right-full text-white text-2xl font-sans -translate-x-5 translate-y-5\">London<\/h3>\r\n    <\/div>\r\n  <\/a>\r\n<\/article>            <\/div>\r\n                      <div class=\"embla__slide max-h-[572px]\">\r\n              <article class=\"relative aspect-[4\/5] md:aspect-[3\/5] bg-cover h-full w-full\" style=\"background-image: linear-gradient(0deg, rgba(8, 14, 55, 0.4) 0%, rgba(8, 14, 55, 0.4) 60%), url(https:\/\/burlington-global.com\/wp-content\/uploads\/2024\/10\/pexels-alexazabache-3243028-scaled.jpg);\">\r\n  <a class=\"block size-full\" href=\"https:\/\/burlington-global.com\/es\/market\/dubai\/\">\r\n    <div class=\"absolute top-16 left-0 -rotate-90 -translate-x-full\">\r\n      <h3 class=\"absolute top-full right-full text-white text-2xl font-sans -translate-x-5 translate-y-5\">Dubai<\/h3>\r\n    <\/div>\r\n  <\/a>\r\n<\/article>            <\/div>\r\n                      <div class=\"embla__slide max-h-[572px]\">\r\n              <article class=\"relative aspect-[4\/5] md:aspect-[3\/5] bg-cover h-full w-full\" style=\"background-image: linear-gradient(0deg, rgba(8, 14, 55, 0.4) 0%, rgba(8, 14, 55, 0.4) 60%), url(https:\/\/burlington-global.com\/wp-content\/uploads\/2025\/04\/coast-3949782_1920.jpg);\">\r\n  <a class=\"block size-full\" href=\"https:\/\/burlington-global.com\/es\/market\/ibiza\/\">\r\n    <div class=\"absolute top-16 left-0 -rotate-90 -translate-x-full\">\r\n      <h3 class=\"absolute top-full right-full text-white text-2xl font-sans -translate-x-5 translate-y-5\">Ibiza<\/h3>\r\n    <\/div>\r\n  <\/a>\r\n<\/article>            <\/div>\r\n                      <div class=\"embla__slide max-h-[572px]\">\r\n              <article class=\"relative aspect-[4\/5] md:aspect-[3\/5] bg-cover h-full w-full\" style=\"background-image: linear-gradient(0deg, rgba(8, 14, 55, 0.4) 0%, rgba(8, 14, 55, 0.4) 60%), url(https:\/\/burlington-global.com\/wp-content\/uploads\/2025\/04\/johanna-montoya-fDVyI_JFQWw-unsplash-scaled.jpg);\">\r\n  <a class=\"block size-full\" href=\"https:\/\/burlington-global.com\/es\/market\/sotogrande\/\">\r\n    <div class=\"absolute top-16 left-0 -rotate-90 -translate-x-full\">\r\n      <h3 class=\"absolute top-full right-full text-white text-2xl font-sans -translate-x-5 translate-y-5\">Sotogrande<\/h3>\r\n    <\/div>\r\n  <\/a>\r\n<\/article>            <\/div>\r\n                  <\/div>\r\n      <\/div>\r\n      <div class=\"embla__controls\">\r\n        <button class=\"embla__prev bg-blue\/70 hover:bg-blue text-white size-8 rounded-full absolute top-1\/2 left-5 transform -translate-y-1\/2 xl:-left-12 flex items-center justify-center transition-colors duration-300\">\r\n          <svg class=\"size-4\" width=\"24\" height=\"24\" viewBox=\"0 0 24 24\" fill=\"none\" xmlns=\"http:\/\/www.w3.org\/2000\/svg\">\r\n            <path d=\"M15.0001 21.3078L5.69238 12L15.0001 2.69226L16.0636 3.75576L7.81938 12L16.0636 20.2443L15.0001 21.3078Z\" fill=\"currentColor\" \/>\r\n          <\/svg>\r\n        <\/button>\r\n        <button class=\"embla__next bg-blue\/70 hover:bg-blue text-white size-8 rounded-full absolute top-1\/2 right-5 transform -translate-y-1\/2 xl:-right-12 flex items-center justify-center transition-colors duration-300\">\r\n          <svg class=\"size-4\" width=\"24\" height=\"24\" viewBox=\"0 0 24 24\" fill=\"none\" xmlns=\"http:\/\/www.w3.org\/2000\/svg\">\r\n            <path d=\"M9.00588 21.3078L7.94238 20.2443L16.1866 12L7.94238 3.75576L9.00588 2.69226L18.3136 12L9.00588 21.3078Z\" fill=\"currentColor\" \/>\r\n          <\/svg>\r\n        <\/button>\r\n      <\/div>\r\n    <\/div>\r\n  <\/div>\r\n<\/section>\r\n<style>\r\n  .market-slider .embla__viewport {\r\n    margin-left: -2rem;\r\n  }\r\n\r\n  .market-slider .embla__slide {\r\n    flex: 0 0 33.333%;\r\n    padding-left: 2rem;\r\n  }\r\n\r\n  @media (max-width: 1024px) {\r\n    .market-slider .embla__slide {\r\n      flex: 0 0 50%;\r\n    }\r\n  }\r\n\r\n  @media (max-width: 768px) {\r\n    .market-slider .embla__slide {\r\n      flex: 0 0 100%;\r\n    }\r\n  }\r\n<\/style>\r\n<script lang=\"text\/javascript\">\r\n  document.addEventListener('DOMContentLoaded', function() {\r\n    const emblaNode = document.querySelector('.market-slider-69dc2c70ec574');\r\n    const viewportNode = emblaNode.querySelector('.embla__viewport');\r\n\r\n    const marketSlider = EmblaCarousel(viewportNode ?? emblaNode, {\r\n      slidesToScroll: 1,\r\n      draggable: true,\r\n      loop: false,\r\n    });\r\n\r\n    const prevButton = emblaNode.querySelector('.embla__prev');\r\n    const nextButton = emblaNode.querySelector('.embla__next');\r\n\r\n    prevButton.addEventListener('click', () => marketSlider.scrollPrev());\r\n    nextButton.addEventListener('click', () => marketSlider.scrollNext());\r\n\r\n    marketSlider.on('destroy', () => {\r\n      prevButton.removeEventListener('click', () => marketSlider.scrollPrev());\r\n      nextButton.removeEventListener('click', () => marketSlider.scrollNext());\r\n    });\r\n  });\r\n<\/script>\n\n\r\n<section style=\"background-image: linear-gradient(0deg, rgba(255, 255, 255, 0.90) 0%, rgba(255, 255, 255, 0.90) 100%), url('https:\/\/burlington-global.com\/wp-content\/uploads\/2024\/10\/jacques-expedition-ixubegi7pqe-unsplash-1.jpg');\" class=\"py-32 bg-no-repeat bg-cover bg-center\">\r\n    <div class=\"w-content max-w-6xl mx-auto\">\r\n        <h2 class=\"mb-5\">Nuestro acceso<\/h2>\r\n        <div class=\"grid md:grid-cols-2 gap-16\">\r\n            <div class=\"format\">\r\n                <p>En Burlington Global, nuestra fortaleza radica en nuestra red meticulosamente cultivada de agentes globales de \u00e9lite y clientes exigentes. Hemos forjado alianzas estrat\u00e9gicas con los profesionales inmobiliarios m\u00e1s respetados en mercados codiciados de todo el mundo.<\/p>\n<p>Nuestro acceso \u00fanico beneficia tanto a los compradores como a los propietarios. Para los compradores, ofrecemos una red global de propiedades de lujo calificadas y examinadas, que incluyen oportunidades exclusivas fuera del mercado. Los propietarios se benefician de la exposici\u00f3n a una red seleccionada de personas e inversores de alto patrimonio en todo el mundo, lo que garantiza una visibilidad \u00f3ptima de sus activos.<\/p>\n            <\/div>\r\n            <div class=\"format\">\r\n                <p>Nuestra red abarca conexiones con los mejores profesionales inmobiliarios del mundo en los 15 principales mercados de lujo globales. Este acceso incomparable nos permite ofrecer oportunidades exclusivas e informaci\u00f3n que no est\u00e1 disponible a trav\u00e9s de los canales tradicionales.<\/p>\n<p>Ya sea que est\u00e9 adquiriendo la propiedad de sus sue\u00f1os, vendiendo un activo de lujo o buscando inquilinos premium, Burlington Global ofrece resultados excepcionales a trav\u00e9s de nuestras relaciones de alto nivel cuidadosamente cultivadas.<\/p>\n            <\/div>\r\n        <\/div>\r\n    <\/div>\r\n<\/section>","protected":false},"excerpt":{"rendered":"","protected":false},"author":7,"featured_media":0,"parent":0,"menu_order":0,"comment_status":"closed","ping_status":"closed","template":"","meta":{"_acf_changed":false,"_joinchat":[],"footnotes":""},"class_list":["post-194","page","type-page","status-publish","hentry"],"acf":[],"_links":{"self":[{"href":"https:\/\/burlington-global.com\/es\/wp-json\/wp\/v2\/pages\/194","targetHints":{"allow":["GET"]}}],"collection":[{"href":"https:\/\/burlington-global.com\/es\/wp-json\/wp\/v2\/pages"}],"about":[{"href":"https:\/\/burlington-global.com\/es\/wp-json\/wp\/v2\/types\/page"}],"author":[{"embeddable":true,"href":"https:\/\/burlington-global.com\/es\/wp-json\/wp\/v2\/users\/7"}],"replies":[{"embeddable":true,"href":"https:\/\/burlington-global.com\/es\/wp-json\/wp\/v2\/comments?post=194"}],"version-history":[{"count":38,"href":"https:\/\/burlington-global.com\/es\/wp-json\/wp\/v2\/pages\/194\/revisions"}],"predecessor-version":[{"id":5509,"href":"https:\/\/burlington-global.com\/es\/wp-json\/wp\/v2\/pages\/194\/revisions\/5509"}],"wp:attachment":[{"href":"https:\/\/burlington-global.com\/es\/wp-json\/wp\/v2\/media?parent=194"}],"curies":[{"name":"wp","href":"https:\/\/api.w.org\/{rel}","templated":true}]}}